{"id":791,"date":"2022-07-28T07:00:19","date_gmt":"2022-07-28T07:00:19","guid":{"rendered":"https:\/\/startersites.io\/elementor\/bizconsult\/?page_id=791"},"modified":"2026-01-07T21:59:44","modified_gmt":"2026-01-07T21:59:44","slug":"about-us","status":"publish","type":"page","link":"https:\/\/reesgayrimenkul.com\/index.php\/about-us\/","title":{"rendered":"About Us"},"content":{"rendered":"\t\t<div data-elementor-type=\"wp-page\" data-elementor-id=\"791\" class=\"elementor elementor-791\">\n\t\t\t\t<div class=\"elementor-element elementor-element-eeed4cb e-flex e-con-boxed e-con e-parent\" data-id=\"eeed4cb\" data-element_type=\"container\" data-settings=\"{&quot;background_background&quot;:&quot;classic&quot;}\">\n\t\t\t\t\t<div class=\"e-con-inner\">\n\t\t\t\t<div class=\"elementor-element elementor-element-337a5f1 elementor-widget elementor-widget-heading\" data-id=\"337a5f1\" data-element_type=\"widget\" data-widget_type=\"heading.default\">\n\t\t\t\t\t<h2 class=\"elementor-heading-title elementor-size-default\">Hakk\u0131m\u0131zda<\/h2>\t\t\t\t<\/div>\n\t\t\t\t\t<\/div>\n\t\t\t\t<\/div>\n\t\t<div class=\"elementor-element elementor-element-61422b7 e-flex e-con-boxed e-con e-parent\" data-id=\"61422b7\" data-element_type=\"container\">\n\t\t\t\t\t<div class=\"e-con-inner\">\n\t\t\t\t<div class=\"elementor-element elementor-element-d0b04b1 elementor-widget-divider--view-line elementor-widget elementor-widget-divider\" data-id=\"d0b04b1\" data-element_type=\"widget\" data-widget_type=\"divider.default\">\n\t\t\t\t\t\t\t<div class=\"elementor-divider\">\n\t\t\t<span class=\"elementor-divider-separator\">\n\t\t\t\t\t\t<\/span>\n\t\t<\/div>\n\t\t\t\t\t\t<\/div>\n\t\t\t\t\t<\/div>\n\t\t\t\t<\/div>\n\t\t<div class=\"elementor-element elementor-element-d75455c e-flex e-con-boxed e-con e-parent\" data-id=\"d75455c\" data-element_type=\"container\" data-settings=\"{&quot;background_background&quot;:&quot;classic&quot;}\">\n\t\t\t\t\t<div class=\"e-con-inner\">\n\t\t\t\t<div class=\"elementor-element elementor-element-f71b5ee elementor-widget__width-initial elementor-widget-tablet__width-inherit elementor-widget elementor-widget-image\" data-id=\"f71b5ee\" data-element_type=\"widget\" data-widget_type=\"image.default\">\n\t\t\t\t\t\t\t\t\t\t\t\t\t\t\t<img fetchpriority=\"high\" decoding=\"async\" width=\"623\" height=\"1024\" src=\"https:\/\/reesgayrimenkul.com\/wp-content\/uploads\/2026\/01\/WhatsApp-Image-2026-01-06-at-13.12.35-1-623x1024.jpeg\" class=\"attachment-large size-large wp-image-1652\" alt=\"\" srcset=\"https:\/\/reesgayrimenkul.com\/wp-content\/uploads\/2026\/01\/WhatsApp-Image-2026-01-06-at-13.12.35-1-623x1024.jpeg 623w, https:\/\/reesgayrimenkul.com\/wp-content\/uploads\/2026\/01\/WhatsApp-Image-2026-01-06-at-13.12.35-1-183x300.jpeg 183w, https:\/\/reesgayrimenkul.com\/wp-content\/uploads\/2026\/01\/WhatsApp-Image-2026-01-06-at-13.12.35-1.jpeg 768w\" sizes=\"(max-width: 623px) 100vw, 623px\" \/>\t\t\t\t\t\t\t\t\t\t\t\t\t\t\t<\/div>\n\t\t<div class=\"elementor-element elementor-element-e5cc82e e-con-full e-flex e-con e-child\" data-id=\"e5cc82e\" data-element_type=\"container\">\n\t\t\t\t<div class=\"elementor-element elementor-element-e99846e elementor-widget elementor-widget-heading\" data-id=\"e99846e\" data-element_type=\"widget\" data-widget_type=\"heading.default\">\n\t\t\t\t\t<h3 class=\"elementor-heading-title elementor-size-default\">Hakk\u0131m\u0131zda<\/h3>\t\t\t\t<\/div>\n\t\t\t\t<div class=\"elementor-element elementor-element-7edccbd elementor-widget elementor-widget-text-editor\" data-id=\"7edccbd\" data-element_type=\"widget\" data-widget_type=\"text-editor.default\">\n\t\t\t\t\t\t\t\t\t<p data-start=\"335\" data-end=\"602\">REES Gayrimenkul, 2014 y\u0131l\u0131nda \u0130stanbul Ni\u015fanta\u015f\u0131\u2019nda kuruldu. Kuruldu\u011fu d\u00f6nemde, markan\u0131n kurucusu\u00a0 \u00a0 \u00a0 \u00a0 \u00a0 \u00a0 Murat Zengin sekt\u00f6rde 11 y\u0131ll\u0131k deneyime sahip olup, kurumsal gayrimenkul firmalar\u0131nda edindi\u011fi saha tecr\u00fcbesi ve profesyonel bak\u0131\u015f a\u00e7\u0131s\u0131n\u0131 REES \u00e7at\u0131s\u0131 alt\u0131nda birle\u015ftirmi\u015ftir.<\/p><p data-start=\"604\" data-end=\"942\">Kurucusunun sekt\u00f6re dair ald\u0131\u011f\u0131 \u00e7ok say\u0131da e\u011fitim, kat\u0131ld\u0131\u011f\u0131 seminer ve edindi\u011fi ulusal\u2013kurumsal deneyimler; REES Gayrimenkul\u2019\u00fcn kurulu\u015f felsefesinin temelini olu\u015fturmu\u015ftur. Bu yakla\u015f\u0131m sayesinde REES, yaln\u0131zca al\u0131m-sat\u0131m yapan bir ofis de\u011fil; s\u00fcreci y\u00f6neten, do\u011fru stratejiyle sonuca ula\u015fan bir dan\u0131\u015fmanl\u0131k markas\u0131 olarak konumlanm\u0131\u015ft\u0131r.<\/p><p data-start=\"944\" data-end=\"1169\">2018 y\u0131l\u0131nda ikinci ofisini \u0130zmir Urla\u2019da a\u00e7an REES Gayrimenkul, bug\u00fcn \u0130stanbul ve \u0130zmir merkezli \u00e7al\u0131\u015fmalar\u0131n\u0131 s\u00fcrd\u00fcrerek, konut, ticari gayrimenkul, yat\u0131r\u0131m ve proje dan\u0131\u015fmanl\u0131\u011f\u0131 alanlar\u0131nda hizmet vermeye devam etmektedir.<\/p><p data-start=\"1171\" data-end=\"1482\">REES Gayrimenkul; etik de\u011ferlere ba\u011fl\u0131, \u015feffaf, g\u00fcvenilir ve \u00e7\u00f6z\u00fcm odakl\u0131 bir hizmet anlay\u0131\u015f\u0131n\u0131 benimser. Her biri alan\u0131nda kendini geli\u015ftirmeyi ilke edinmi\u015f dan\u0131\u015fmanlardan olu\u015fan ekibiyle, sekt\u00f6rdeki yenilikleri ve teknolojik geli\u015fmeleri yak\u0131ndan takip ederek hizmet kalitesini s\u00fcrekli ileri ta\u015f\u0131may\u0131 hedefler.<\/p>\t\t\t\t\t\t\t\t<\/div>\n\t\t\t\t<div class=\"elementor-element elementor-element-27fa672 elementor-tablet-align-center elementor-widget elementor-widget-button\" data-id=\"27fa672\" data-element_type=\"widget\" data-widget_type=\"button.default\">\n\t\t\t\t\t\t\t\t\t\t<a class=\"elementor-button elementor-button-link elementor-size-sm\" href=\"https:\/\/wa.me\/905326810151?text=Merhaba%20REES%20Gayrimenkul%2C%20gayrimenkul%C3%BCm%C3%BC%20satmak%20istiyorum.%20%C3%96n%20g%C3%B6r%C3%BC%C5%9Fme%20talep%20ediyorum.\">\n\t\t\t\t\t\t<span class=\"elementor-button-content-wrapper\">\n\t\t\t\t\t\t\t\t\t<span class=\"elementor-button-text\">Bize ula\u015f\u0131n<\/span>\n\t\t\t\t\t<\/span>\n\t\t\t\t\t<\/a>\n\t\t\t\t\t\t\t\t<\/div>\n\t\t\t\t<\/div>\n\t\t\t\t\t<\/div>\n\t\t\t\t<\/div>\n\t\t<div class=\"elementor-element elementor-element-70784f7 e-flex e-con-boxed e-con e-parent\" data-id=\"70784f7\" data-element_type=\"container\" data-settings=\"{&quot;background_background&quot;:&quot;classic&quot;}\">\n\t\t\t\t\t<div class=\"e-con-inner\">\n\t\t<div class=\"elementor-element elementor-element-6d64a00 e-con-full e-flex e-con e-child\" data-id=\"6d64a00\" data-element_type=\"container\">\n\t\t\t\t<div class=\"elementor-element elementor-element-de208f7 elementor-widget elementor-widget-heading\" data-id=\"de208f7\" data-element_type=\"widget\" data-widget_type=\"heading.default\">\n\t\t\t\t\t<h3 class=\"elementor-heading-title elementor-size-default\">Vizyon &amp; Misyon<\/h3>\t\t\t\t<\/div>\n\t\t\t\t<div class=\"elementor-element elementor-element-64dc248 elementor-widget elementor-widget-text-editor\" data-id=\"64dc248\" data-element_type=\"widget\" data-widget_type=\"text-editor.default\">\n\t\t\t\t\t\t\t\t\t<p>Gayrimenkul sekt\u00f6r\u00fcnde g\u00fcven, etik ve profesyonellik denildi\u011finde akla gelen; dan\u0131\u015fmanl\u0131k yakla\u015f\u0131m\u0131yla fark yaratan, s\u00fcrd\u00fcr\u00fclebilir b\u00fcy\u00fcme sa\u011flayan ve sekt\u00f6re de\u011fer katan \u00f6nc\u00fc bir marka olmak.<\/p><p>M\u00fclk sahipleri, yat\u0131r\u0131mc\u0131lar ve al\u0131c\u0131lar i\u00e7in do\u011fru analiz, do\u011fru fiyatlama ve do\u011fru pazarlama stratejileriyle s\u00fcreci ba\u015ftan sona profesyonelce y\u00f6netmek; g\u00fcvene dayal\u0131, \u015feffaf ve sorunsuz i\u015flemlerle uzun vadeli memnuniyet sa\u011flamak.<\/p>\t\t\t\t\t\t\t\t<\/div>\n\t\t\t\t<\/div>\n\t\t\t\t<div class=\"elementor-element elementor-element-a6a5f41 elementor-widget__width-initial elementor-widget-tablet__width-inherit elementor-widget elementor-widget-image\" data-id=\"a6a5f41\" data-element_type=\"widget\" data-widget_type=\"image.default\">\n\t\t\t\t\t\t\t\t\t\t\t\t\t\t\t<img decoding=\"async\" width=\"576\" height=\"1024\" src=\"https:\/\/reesgayrimenkul.com\/wp-content\/uploads\/2026\/01\/WhatsApp-Image-2026-01-01-at-18.44.39-1-576x1024.jpeg\" class=\"attachment-large size-large wp-image-1659\" alt=\"\" srcset=\"https:\/\/reesgayrimenkul.com\/wp-content\/uploads\/2026\/01\/WhatsApp-Image-2026-01-01-at-18.44.39-1-576x1024.jpeg 576w, https:\/\/reesgayrimenkul.com\/wp-content\/uploads\/2026\/01\/WhatsApp-Image-2026-01-01-at-18.44.39-1-169x300.jpeg 169w, https:\/\/reesgayrimenkul.com\/wp-content\/uploads\/2026\/01\/WhatsApp-Image-2026-01-01-at-18.44.39-1-768x1365.jpeg 768w, https:\/\/reesgayrimenkul.com\/wp-content\/uploads\/2026\/01\/WhatsApp-Image-2026-01-01-at-18.44.39-1-864x1536.jpeg 864w, https:\/\/reesgayrimenkul.com\/wp-content\/uploads\/2026\/01\/WhatsApp-Image-2026-01-01-at-18.44.39-1.jpeg 900w\" sizes=\"(max-width: 576px) 100vw, 576px\" \/>\t\t\t\t\t\t\t\t\t\t\t\t\t\t\t<\/div>\n\t\t\t\t\t<\/div>\n\t\t\t\t<\/div>\n\t\t\t\t<\/div>\n\t\t","protected":false},"excerpt":{"rendered":"<p>Hakk\u0131m\u0131zda Hakk\u0131m\u0131zda REES Gayrimenkul, 2014 y\u0131l\u0131nda \u0130stanbul Ni\u015fanta\u015f\u0131\u2019nda kuruldu. Kuruldu\u011fu d\u00f6nemde, markan\u0131n kurucusu\u00a0 \u00a0 \u00a0 \u00a0 \u00a0 \u00a0 Murat Zengin sekt\u00f6rde 11 y\u0131ll\u0131k deneyime sahip olup, kurumsal gayrimenkul firmalar\u0131nda edindi\u011fi saha tecr\u00fcbesi ve profesyonel bak\u0131\u015f a\u00e7\u0131s\u0131n\u0131 REES \u00e7at\u0131s\u0131 alt\u0131nda birle\u015ftirmi\u015ftir. Kurucusunun sekt\u00f6re dair ald\u0131\u011f\u0131 \u00e7ok say\u0131da e\u011fitim, kat\u0131ld\u0131\u011f\u0131 seminer ve edindi\u011fi ulusal\u2013kurumsal deneyimler; REES Gayrimenkul\u2019\u00fcn [&hellip;]<\/p>\n","protected":false},"author":1,"featured_media":0,"parent":0,"menu_order":0,"comment_status":"closed","ping_status":"closed","template":"","meta":{"footnotes":""},"class_list":["post-791","page","type-page","status-publish","hentry"],"blocksy_meta":{"page_title_panel":"","has_hero_section":"disabled","da5b4872f9e8334623972e2d166fd56a":"","hero_section":"type-1","hero_elements":[{"id":"custom_title","enabled":true,"heading_tag":"h1","title":"Home"},{"id":"custom_description","enabled":true,"description_visibility":{"desktop":true,"tablet":true,"mobile":false}},{"id":"custom_meta","enabled":false,"meta_elements":[{"id":"author","enabled":true,"label":"By","has_author_avatar":"yes","avatar_size":25},{"id":"post_date","enabled":true,"label":"On","date_format_source":"default","date_format":"M j, Y"},{"id":"updated_date","enabled":false,"label":"On","date_format_source":"default","date_format":"M j, Y"},{"id":"categories","enabled":false,"label":"In","style":"simple"},{"id":"comments","enabled":true}],"page_meta_elements":{"joined":true,"articles_count":true,"comments":true}},{"id":"breadcrumbs","enabled":false}],"e6d535d3e1e37507fc0033d9ef7c98b0":"","hero_alignment1":"CT_CSS_SKIP_RULE","hero_margin":40,"hero_alignment2":"center","hero_vertical_alignment":"center","af604582675f2c6b2d61704d7aa0b27c":"","hero_structure":"narrow","ce6f705cef06fac676ecc48a8a6948fd":"","page_title_bg_type":"featured_image","custom_hero_background":{"attachment_id":null},"page_title_image_size":"full","parallax":{"desktop":false,"tablet":false,"mobile":false},"bd6f81ef84ae85f9e69d912b8ee9c623":"","hero_height":"250px","pageTitleFont":{"family":"Default","variation":"Default","size":"30px","line-height":"CT_CSS_SKIP_RULE","letter-spacing":"CT_CSS_SKIP_RULE","text-transform":"CT_CSS_SKIP_RULE","text-decoration":"CT_CSS_SKIP_RULE"},"pageTitleFontColor":{"default":{"color":"CT_CSS_SKIP_RULEDEFAULT"}},"pageMetaFont":{"family":"Default","variation":"n6","size":"12px","line-height":"1.3","letter-spacing":"CT_CSS_SKIP_RULE","text-transform":"uppercase","text-decoration":"CT_CSS_SKIP_RULE"},"pageMetaFontColor":{"default":{"color":"CT_CSS_SKIP_RULEDEFAULT"},"hover":{"color":"CT_CSS_SKIP_RULEDEFAULT"}},"page_meta_button_type_font_colors":{"default":{"color":"CT_CSS_SKIP_RULEDEFAULT"},"hover":{"color":"CT_CSS_SKIP_RULEDEFAULT"}},"page_meta_button_type_background_colors":{"default":{"color":"CT_CSS_SKIP_RULEDEFAULT"},"hover":{"color":"CT_CSS_SKIP_RULEDEFAULT"}},"pageExcerptFont":{"family":"Default","variation":"Default","size":"CT_CSS_SKIP_RULE","line-height":"CT_CSS_SKIP_RULE","letter-spacing":"CT_CSS_SKIP_RULE","text-transform":"CT_CSS_SKIP_RULE","text-decoration":"CT_CSS_SKIP_RULE"},"pageExcerptColor":{"default":{"color":"CT_CSS_SKIP_RULEDEFAULT"}},"breadcrumbsFont":{"family":"Default","variation":"Default","size":"CT_CSS_SKIP_RULE","line-height":"CT_CSS_SKIP_RULE","letter-spacing":"CT_CSS_SKIP_RULE","text-transform":"CT_CSS_SKIP_RULE","text-decoration":"CT_CSS_SKIP_RULE"},"breadcrumbsFontColor":{"default":{"color":"CT_CSS_SKIP_RULEDEFAULT"},"initial":{"color":"CT_CSS_SKIP_RULEDEFAULT"},"hover":{"color":"CT_CSS_SKIP_RULEDEFAULT"}},"pageTitleOverlay":{"background_type":"color","background_pattern":"type-1","background_image":{"attachment_id":null,"x":0,"y":0},"gradient":"linear-gradient(135deg,rgba(6,147,227,1) 0%,rgb(155,81,224) 100%)","background_repeat":"repeat","background_size":"auto","background_attachment":"scroll","patternColor":{"default":{"color":"#e5e7ea"}},"overlayColor":{"default":{"color":"CT_CSS_SKIP_RULE"}},"backgroundColor":{"default":{"color":"CT_CSS_SKIP_RULE"}}},"pageTitleBackground":{"background_type":"color","background_pattern":"type-1","background_image":{"attachment_id":null,"x":0,"y":0},"gradient":"linear-gradient(135deg,rgba(6,147,227,1) 0%,rgb(155,81,224) 100%)","background_repeat":"repeat","background_size":"auto","background_attachment":"scroll","patternColor":{"default":{"color":"#e5e7ea"}},"overlayColor":{"default":{"color":"CT_CSS_SKIP_RULE"}},"backgroundColor":{"default":{"color":"var(--theme-palette-color-6)"}}},"pageTitlePadding":{"top":"50px","bottom":"50px","left":"auto","right":"auto","linked":true},"8c4a6d2961d44fcfa49a0dd572b8a506":"","page_structure_type":"default","702871a7ab24e49134d063076717b1f5":"","content_style_source":"inherit","content_style":"wide","vertical_spacing_source":"custom","content_area_spacing":"none","background":{"background_type":"color","background_pattern":"type-1","background_image":{"attachment_id":null,"x":0,"y":0},"gradient":"linear-gradient(135deg,rgba(6,147,227,1) 0%,rgb(155,81,224) 100%)","background_repeat":"repeat","background_size":"auto","background_attachment":"scroll","patternColor":{"default":{"color":"#e5e7ea"}},"overlayColor":{"default":{"color":"CT_CSS_SKIP_RULE"}},"backgroundColor":{"default":{"color":"CT_CSS_SKIP_RULE"}}},"content_background":{"background_type":"color","background_pattern":"type-1","background_image":{"attachment_id":null,"x":0,"y":0},"gradient":"linear-gradient(135deg,rgba(6,147,227,1) 0%,rgb(155,81,224) 100%)","background_repeat":"repeat","background_size":"auto","background_attachment":"scroll","patternColor":{"default":{"color":"#e5e7ea"}},"overlayColor":{"default":{"color":"CT_CSS_SKIP_RULE"}},"backgroundColor":{"default":{"color":"var(--theme-palette-color-8)"}}},"content_boxed_shadow":{"inherit":false,"blur":18,"spread":-6,"v_offset":12,"h_offset":0,"inset":false,"enable":true,"color":{"color":"rgba(34, 56, 101, 0.04)"}},"content_boxed_border":{"width":1,"style":"none","color":{"color":"rgba(44,62,80,0.2)"}},"content_boxed_radius":{"top":"3px","bottom":"3px","left":"3px","right":"3px","linked":true},"boxed_content_spacing":{"desktop":{"top":"40px","bottom":"40px","left":"40px","right":"40px","linked":true},"tablet":{"top":"35px","bottom":"35px","left":"35px","right":"35px","linked":true},"mobile":{"top":"20px","bottom":"20px","left":"20px","right":"20px","linked":true}},"7922427f56353a5999fd9b23b8da9b06":"","disable_featured_image":"no","disable_share_box":"no","disable_header":"no","disable_footer":"no","styles_descriptor":{"styles":{"desktop":"","tablet":"","mobile":""},"google_fonts":[],"version":6}},"_links":{"self":[{"href":"https:\/\/reesgayrimenkul.com\/index.php\/wp-json\/wp\/v2\/pages\/791","targetHints":{"allow":["GET"]}}],"collection":[{"href":"https:\/\/reesgayrimenkul.com\/index.php\/wp-json\/wp\/v2\/pages"}],"about":[{"href":"https:\/\/reesgayrimenkul.com\/index.php\/wp-json\/wp\/v2\/types\/page"}],"author":[{"embeddable":true,"href":"https:\/\/reesgayrimenkul.com\/index.php\/wp-json\/wp\/v2\/users\/1"}],"replies":[{"embeddable":true,"href":"https:\/\/reesgayrimenkul.com\/index.php\/wp-json\/wp\/v2\/comments?post=791"}],"version-history":[{"count":9,"href":"https:\/\/reesgayrimenkul.com\/index.php\/wp-json\/wp\/v2\/pages\/791\/revisions"}],"predecessor-version":[{"id":1662,"href":"https:\/\/reesgayrimenkul.com\/index.php\/wp-json\/wp\/v2\/pages\/791\/revisions\/1662"}],"wp:attachment":[{"href":"https:\/\/reesgayrimenkul.com\/index.php\/wp-json\/wp\/v2\/media?parent=791"}],"curies":[{"name":"wp","href":"https:\/\/api.w.org\/{rel}","templated":true}]}}